{"id":67,"date":"2024-08-13T08:34:14","date_gmt":"2024-08-13T06:34:14","guid":{"rendered":"https:\/\/xn--loos-gebudereinigung-izb.pl\/?page_id=67"},"modified":"2024-08-13T10:32:00","modified_gmt":"2024-08-13T08:32:00","slug":"o-nas","status":"publish","type":"page","link":"https:\/\/xn--loos-gebudereinigung-izb.pl\/?page_id=67","title":{"rendered":"O nas"},"content":{"rendered":"\n<p class=\"has-text-align-center\">W bran\u017cy sprz\u0105taj\u0105cej dzia\u0142am ju\u017c <strong>10<\/strong> lat. Swoje wyksztalcenie i do\u015bwiadczenie zdoby\u0142am w Szwajcarii kt\u00f3ra na chwile obecna jest o\u015brodkiem dominuj\u0105cym w Europie zajmuj\u0105cym si\u0119 kszta\u0142ceniem ludzi chc\u0105cych aby nasze prace porz\u0105dkowe sta\u0142y si\u0119 przyjemno\u015bci\u0105 a nie ci\u0119\u017ckim wysi\u0142kiem fizycznym. Poni\u017cej zamieszczam moje dyplomy certyfikaty na poczet moich umiej\u0119tno\u015bci.<\/p>\n\n\n\n<div data-wp-interactive=\"core\/file\" class=\"wp-block-file\"><object data-wp-bind--hidden=\"!state.hasPdfPreview\" hidden class=\"wp-block-file__embed\" data=\"https:\/\/xn--loos-gebudereinigung-izb.pl\/wp-content\/uploads\/2024\/08\/Diplome_Zertifikate_Stefanek-komprimiert_001.pdf\" type=\"application\/pdf\" style=\"width:100%;height:600px\" aria-label=\"Osadzone z Diplome_Zertifikate_Stefanek-komprimiert_001.\"><\/object><a id=\"wp-block-file--media-39aed6ba-702e-452b-a62c-92dc2b3da418\" href=\"https:\/\/xn--loos-gebudereinigung-izb.pl\/wp-content\/uploads\/2024\/08\/Diplome_Zertifikate_Stefanek-komprimiert_001.pdf\">Diplome_Zertifikate_Stefanek-komprimiert_001<\/a><a href=\"https:\/\/xn--loos-gebudereinigung-izb.pl\/wp-content\/uploads\/2024\/08\/Diplome_Zertifikate_Stefanek-komprimiert_001.pdf\" class=\"wp-block-file__button wp-element-button\" download aria-describedby=\"wp-block-file--media-39aed6ba-702e-452b-a62c-92dc2b3da418\">Pobierz<\/a><\/div>\n","protected":false},"excerpt":{"rendered":"<p>W bran\u017cy sprz\u0105taj\u0105cej dzia\u0142am ju\u017c 10 lat. Swoje wyksztalcenie i do\u015bwiadczenie zdoby\u0142am w Szwajcarii kt\u00f3ra na chwile obecna jest o\u015brodkiem dominuj\u0105cym w Europie zajmuj\u0105cym si\u0119 kszta\u0142ceniem ludzi chc\u0105cych aby nasze &hellip; <\/p>\n","protected":false},"author":1,"featured_media":0,"parent":0,"menu_order":0,"comment_status":"closed","ping_status":"closed","template":"","meta":{"footnotes":""},"class_list":["post-67","page","type-page","status-publish","hentry"],"_links":{"self":[{"href":"https:\/\/xn--loos-gebudereinigung-izb.pl\/index.php?rest_route=\/wp\/v2\/pages\/67","targetHints":{"allow":["GET"]}}],"collection":[{"href":"https:\/\/xn--loos-gebudereinigung-izb.pl\/index.php?rest_route=\/wp\/v2\/pages"}],"about":[{"href":"https:\/\/xn--loos-gebudereinigung-izb.pl\/index.php?rest_route=\/wp\/v2\/types\/page"}],"author":[{"embeddable":true,"href":"https:\/\/xn--loos-gebudereinigung-izb.pl\/index.php?rest_route=\/wp\/v2\/users\/1"}],"replies":[{"embeddable":true,"href":"https:\/\/xn--loos-gebudereinigung-izb.pl\/index.php?rest_route=%2Fwp%2Fv2%2Fcomments&post=67"}],"version-history":[{"count":3,"href":"https:\/\/xn--loos-gebudereinigung-izb.pl\/index.php?rest_route=\/wp\/v2\/pages\/67\/revisions"}],"predecessor-version":[{"id":154,"href":"https:\/\/xn--loos-gebudereinigung-izb.pl\/index.php?rest_route=\/wp\/v2\/pages\/67\/revisions\/154"}],"wp:attachment":[{"href":"https:\/\/xn--loos-gebudereinigung-izb.pl\/index.php?rest_route=%2Fwp%2Fv2%2Fmedia&parent=67"}],"curies":[{"name":"wp","href":"https:\/\/api.w.org\/{rel}","templated":true}]}}